{"id":1289,"date":"2024-11-28T03:57:04","date_gmt":"2024-11-28T03:57:04","guid":{"rendered":"https:\/\/notanadgency.ca\/services\/"},"modified":"2025-04-08T22:05:08","modified_gmt":"2025-04-08T22:05:08","slug":"services","status":"publish","type":"page","link":"https:\/\/notanadgency.ca\/fr\/services\/","title":{"rendered":"Services"},"content":{"rendered":"\t\t<div data-elementor-type=\"wp-page\" data-elementor-id=\"1289\" class=\"elementor elementor-1289 elementor-223\">\n\t\t\t\t<div class=\"elementor-element elementor-element-6218omte twbb_section twbb_full_h e-flex e-con-boxed e-con e-parent\" data-id=\"6218omte\" data-element_type=\"container\" data-settings=\"{&quot;background_background&quot;:&quot;classic&quot;,&quot;background_motion_fx_motion_fx_scrolling&quot;:&quot;yes&quot;,&quot;background_motion_fx_scale_effect&quot;:&quot;yes&quot;,&quot;background_motion_fx_scale_speed&quot;:{&quot;unit&quot;:&quot;px&quot;,&quot;size&quot;:7,&quot;sizes&quot;:[]},&quot;background_motion_fx_scale_direction&quot;:&quot;out-in&quot;,&quot;background_motion_fx_scale_range&quot;:{&quot;unit&quot;:&quot;%&quot;,&quot;size&quot;:&quot;&quot;,&quot;sizes&quot;:{&quot;start&quot;:20,&quot;end&quot;:80}},&quot;background_motion_fx_devices&quot;:[&quot;desktop&quot;,&quot;tablet&quot;,&quot;mobile&quot;]}\">\n\t\t\t\t\t<div class=\"e-con-inner\">\n\t\t\t\t<div class=\"elementor-element elementor-element-rv5tc5fw elementor-widget__width-initial elementor-widget-tablet__width-initial elementor-widget-mobile__width-inherit twbb-headline--style-highlight elementor-widget elementor-widget-twbbanimated-headline\" data-id=\"rv5tc5fw\" data-element_type=\"widget\" data-settings=\"{&quot;highlighted_text&quot;:&quot;un nouvel \\u00e9lan&quot;,&quot;marker&quot;:&quot;underline_zigzag&quot;,&quot;headline_style&quot;:&quot;highlight&quot;}\" data-widget_type=\"twbbanimated-headline.default\">\n\t\t\t\t<div class=\"elementor-widget-container\">\n\t\t\t\t\t    <h1 class=\"twbb-headline\">\n          <span class=\"twbb-headline-plain-text twbb-headline-text-wrapper\">Donnez  <\/span>\n        <span class=\"twbb-headline-dynamic-wrapper twbb-headline-text-wrapper\"><\/span>\n          <span class=\"twbb-headline-plain-text twbb-headline-text-wrapper\"> \u00e0 votre entreprise avec Google Ads<\/span>\n        <\/h1>\n    \t\t\t\t<\/div>\n\t\t\t\t<\/div>\n\t\t\t\t<div class=\"elementor-element elementor-element-j030n945 elementor-widget__width-initial elementor-widget-tablet__width-initial elementor-widget-mobile__width-inherit elementor-widget elementor-widget-text-editor\" data-id=\"j030n945\" data-element_type=\"widget\" data-widget_type=\"text-editor.default\">\n\t\t\t\t<div class=\"elementor-widget-container\">\n\t\t\t\t\t\t\t\t\t<p>Not an Adgency propose des campagnes Google Ads personnalis\u00e9es, abordables et efficaces.<br data-start=\"143\" data-end=\"146\" \/>Avec plus de 20 ans d\u2019exp\u00e9rience, nous aidons les entreprises \u00e0 se d\u00e9velopper en optimisant leur retour sur investissement et en obtenant des r\u00e9sultats mesurables.<\/p>\t\t\t\t\t\t\t\t<\/div>\n\t\t\t\t<\/div>\n\t\t<div class=\"elementor-element elementor-element-kblm1cb0 elementor-hidden-mobile e-con-full e-flex e-con e-child\" data-id=\"kblm1cb0\" data-element_type=\"container\">\n\t\t\t\t<div class=\"elementor-element elementor-element-aqui4fxe elementor-hidden-mobile elementor-align-left elementor-mobile-align-center elementor-widget elementor-widget-button\" data-id=\"aqui4fxe\" data-element_type=\"widget\" data-widget_type=\"button.default\">\n\t\t\t\t<div class=\"elementor-widget-container\">\n\t\t\t\t\t\t\t\t\t<div class=\"elementor-button-wrapper\">\n\t\t\t\t\t<a class=\"elementor-button elementor-button-link elementor-size-sm\" href=\"https:\/\/notanadgency.ca\/contact\/\/\">\n\t\t\t\t\t\t<span class=\"elementor-button-content-wrapper\">\n\t\t\t\t\t\t\t\t\t<span class=\"elementor-button-text\">Contactez-nous<\/span>\n\t\t\t\t\t<\/span>\n\t\t\t\t\t<\/a>\n\t\t\t\t<\/div>\n\t\t\t\t\t\t\t\t<\/div>\n\t\t\t\t<\/div>\n\t\t\t\t<\/div>\n\t\t\t\t\t<\/div>\n\t\t\t\t<\/div>\n\t\t<div class=\"elementor-element elementor-element-o1zedr94 twbb_section e-flex e-con-boxed e-con e-parent\" data-id=\"o1zedr94\" data-element_type=\"container\">\n\t\t\t\t\t<div class=\"e-con-inner\">\n\t\t<div class=\"elementor-element elementor-element-mwnl5if4 e-con-full e-flex e-con e-child\" data-id=\"mwnl5if4\" data-element_type=\"container\">\n\t\t\t\t<div class=\"elementor-element elementor-element-9xnhdu19 elementor-widget__width-initial elementor-widget-tablet__width-initial elementor-widget-mobile__width-inherit elementor-invisible elementor-widget elementor-widget-heading\" data-id=\"9xnhdu19\" data-element_type=\"widget\" data-settings=\"{&quot;_animation&quot;:&quot;fadeInUp&quot;}\" data-widget_type=\"heading.default\">\n\t\t\t\t<div class=\"elementor-widget-container\">\n\t\t\t\t\t<h2 class=\"elementor-heading-title elementor-size-default\">D\u00e9couvrez nos services Google Ads sur mesure\n\n<\/h2>\t\t\t\t<\/div>\n\t\t\t\t<\/div>\n\t\t\t\t<div class=\"elementor-element elementor-element-t6hrwrlm elementor-widget__width-initial elementor-widget-tablet__width-initial elementor-widget-mobile__width-inherit elementor-invisible elementor-widget elementor-widget-text-editor\" data-id=\"t6hrwrlm\" data-element_type=\"widget\" data-settings=\"{&quot;_animation&quot;:&quot;fadeInUp&quot;}\" data-widget_type=\"text-editor.default\">\n\t\t\t\t<div class=\"elementor-widget-container\">\n\t\t\t\t\t\t\t\t\t<ul style=\"margin-top: 0cm;\" type=\"disc\"><li class=\"MsoNormal\"><strong>Gestion de campagnes Google Ads<\/strong> : Gestion compl\u00e8te de vos campagnes, de la cr\u00e9ation \u00e0 l\u2019optimisation, pour garantir que chaque aspect de vos campagnes PPC soit optimis\u00e9 pour obtenir des r\u00e9sultats maximaux.<\/li><\/ul><ul style=\"margin-top: 0cm;\" type=\"disc\"><li class=\"MsoNormal\"><strong>Campagnes Performance Max<\/strong> : Touchez votre audience sur toutes les plateformes de Google \u2014 Search, YouTube, Display et plus encore. J\u2019utilise l\u2019apprentissage automatique pour optimiser vos annonces automatiquement et maximiser les performances.<\/li><\/ul><ul style=\"margin-top: 0cm;\" type=\"disc\"><li class=\"MsoNormal\"><strong>Audits et optimisation de campagnes<\/strong> : Que vos campagnes aient besoin d\u2019un audit complet ou de simples ajustements, je me concentre sur l\u2019am\u00e9lioration de votre taux de conversion et la r\u00e9duction de votre co\u00fbt par clic.<\/li><\/ul>\t\t\t\t\t\t\t\t<\/div>\n\t\t\t\t<\/div>\n\t\t\t\t<\/div>\n\t\t<div class=\"elementor-element elementor-element-8k8wytsu e-con-full e-flex e-con e-child\" data-id=\"8k8wytsu\" data-element_type=\"container\">\n\t\t\t\t<div class=\"elementor-element elementor-element-zr8yzp56 elementor-widget__width-initial elementor-widget-tablet__width-initial elementor-widget-mobile__width-inherit twbb_cta-button-wrapper-left twbb_cta-valign-align-space_between twbb_cta-position-image-top twbb_cta-tablet-position-image-top twbb_cta-mobile-position-image-top twbb_cta-button-wrapper-left twbb_cta-button-wrapper-center twbb_cta-position-button-bottom twbb_cta-tablet-position-button-bottom twbb_cta-mobile-position-button-bottom elementor-invisible elementor-widget elementor-widget-twbb_call-to-action\" data-id=\"zr8yzp56\" data-element_type=\"widget\" data-settings=\"{&quot;_animation&quot;:&quot;fadeInUp&quot;}\" data-widget_type=\"twbb_call-to-action.default\">\n\t\t\t\t<div class=\"elementor-widget-container\">\n\t\t\t\t\t    <div  class=\"twbb_cta-wrapper \">\n                  <div class=\"twbb_cta-image-background-wrapper\">\n          <span class=\"twbb_cta-image-background-overlay\"><\/span>\n                            <div class=\"twbb_cta-image-html-tag\">\n                                            <img decoding=\"async\" src=\"https:\/\/notanadgency.ca\/wp-content\/uploads\/2024\/11\/tenweb_media_yr9ezc1Y.webp\" alt=\"Professional digital marketer analyzing Google Ads performance on a laptop in a modern office.\" >\n                                    <\/div>\n                    <\/div>\n        <div class=\"twbb_cta-content-wrapper \">\n    <div class=\"twbb_cta-content-inner\">\n                <h5 class=\"twbb_cta-title\">Forfait Cr\u00e9ation<\/h5>\n                    <div class=\"twbb_cta-description\">Un service unique pour configurer une campagne Google Ads personnalis\u00e9e que vous pourrez g\u00e9rer vous-m\u00eame. Id\u00e9al pour les entreprises qui souhaitent une configuration professionnelle sans frais r\u00e9currents.\n\n<\/div>\n              <\/div>\n    <div class=\"twbb_cta-button-wrapper\">\n        <div class=\"twbb_cta-buttons\">\n                        <\/div>\n    <\/div>\n  <\/div>\n        <\/div>\n\t\t\t\t<\/div>\n\t\t\t\t<\/div>\n\t\t\t\t<div class=\"elementor-element elementor-element-orcabinq elementor-widget__width-initial elementor-widget-tablet__width-initial elementor-widget-mobile__width-inherit twbb_cta-button-wrapper-left twbb_cta-valign-align-space_between twbb_cta-position-image-top twbb_cta-tablet-position-image-top twbb_cta-mobile-position-image-top twbb_cta-button-wrapper-left twbb_cta-button-wrapper-center twbb_cta-position-button-bottom twbb_cta-tablet-position-button-bottom twbb_cta-mobile-position-button-bottom elementor-invisible elementor-widget elementor-widget-twbb_call-to-action\" data-id=\"orcabinq\" data-element_type=\"widget\" data-settings=\"{&quot;_animation&quot;:&quot;fadeInUp&quot;}\" data-widget_type=\"twbb_call-to-action.default\">\n\t\t\t\t<div class=\"elementor-widget-container\">\n\t\t\t\t\t    <div  class=\"twbb_cta-wrapper \">\n                  <div class=\"twbb_cta-image-background-wrapper\">\n          <span class=\"twbb_cta-image-background-overlay\"><\/span>\n                            <div class=\"twbb_cta-image-html-tag\">\n                                            <img decoding=\"async\" src=\"https:\/\/notanadgency.ca\/wp-content\/uploads\/2024\/11\/tenweb_media_lyz4GkGK.webp\" alt=\"A detailed audit report with graphs and charts, symbolizing campaign audits and optimization.\" >\n                                    <\/div>\n                    <\/div>\n        <div class=\"twbb_cta-content-wrapper \">\n    <div class=\"twbb_cta-content-inner\">\n                <h5 class=\"twbb_cta-title\">Forfait Optimisation<\/h5>\n                    <div class=\"twbb_cta-description\">Je g\u00e8re et j\u2019optimise vos campagnes Google Ads existantes pour en am\u00e9liorer l\u2019efficacit\u00e9 et augmenter vos conversions.\n\n<\/div>\n              <\/div>\n    <div class=\"twbb_cta-button-wrapper\">\n        <div class=\"twbb_cta-buttons\">\n                        <\/div>\n    <\/div>\n  <\/div>\n        <\/div>\n\t\t\t\t<\/div>\n\t\t\t\t<\/div>\n\t\t\t\t<div class=\"elementor-element elementor-element-0hwczxez elementor-widget__width-initial elementor-widget-tablet__width-initial elementor-widget-mobile__width-inherit twbb_cta-button-wrapper-left twbb_cta-valign-align-space_between twbb_cta-position-image-top twbb_cta-tablet-position-image-top twbb_cta-mobile-position-image-top twbb_cta-button-wrapper-left twbb_cta-button-wrapper-center twbb_cta-position-button-bottom twbb_cta-tablet-position-button-bottom twbb_cta-mobile-position-button-bottom elementor-invisible elementor-widget elementor-widget-twbb_call-to-action\" data-id=\"0hwczxez\" data-element_type=\"widget\" data-settings=\"{&quot;_animation&quot;:&quot;fadeInUp&quot;}\" data-widget_type=\"twbb_call-to-action.default\">\n\t\t\t\t<div class=\"elementor-widget-container\">\n\t\t\t\t\t    <div  class=\"twbb_cta-wrapper \">\n                  <div class=\"twbb_cta-image-background-wrapper\">\n          <span class=\"twbb_cta-image-background-overlay\"><\/span>\n                            <div class=\"twbb_cta-image-html-tag\">\n                                            <img decoding=\"async\" src=\"https:\/\/notanadgency.ca\/wp-content\/uploads\/2024\/11\/tenweb_media_q94U6yf1.webp\" alt=\"Creative brainstorming session with a team developing custom ad strategies.\" >\n                                    <\/div>\n                    <\/div>\n        <div class=\"twbb_cta-content-wrapper \">\n    <div class=\"twbb_cta-content-inner\">\n                <h5 class=\"twbb_cta-title\">Cr\u00e9ation et gestion continue<\/h5>\n                    <div class=\"twbb_cta-description\">Cr\u00e9ation compl\u00e8te de campagnes avec gestion continue, pour garantir que vos campagnes \u00e9voluent et performent de mani\u00e8re optimale dans le temps.\n\n<\/div>\n              <\/div>\n    <div class=\"twbb_cta-button-wrapper\">\n        <div class=\"twbb_cta-buttons\">\n                        <\/div>\n    <\/div>\n  <\/div>\n        <\/div>\n\t\t\t\t<\/div>\n\t\t\t\t<\/div>\n\t\t\t\t<\/div>\n\t\t\t\t\t<\/div>\n\t\t\t\t<\/div>\n\t\t<div class=\"elementor-element elementor-element-29fd5f81 twbb_section e-flex e-con-boxed e-con e-parent\" data-id=\"29fd5f81\" data-element_type=\"container\" data-settings=\"{&quot;background_background&quot;:&quot;classic&quot;}\">\n\t\t\t\t\t<div class=\"e-con-inner\">\n\t\t\t\t<div class=\"elementor-element elementor-element-72dde609 elementor-widget__width-initial elementor-widget-mobile__width-inherit elementor-widget-tablet__width-initial elementor-invisible elementor-widget elementor-widget-heading\" data-id=\"72dde609\" data-element_type=\"widget\" data-settings=\"{&quot;_animation&quot;:&quot;fadeInUp&quot;}\" data-widget_type=\"heading.default\">\n\t\t\t\t<div class=\"elementor-widget-container\">\n\t\t\t\t\t<h2 class=\"elementor-heading-title elementor-size-default\">Parlons-en<\/h2>\t\t\t\t<\/div>\n\t\t\t\t<\/div>\n\t\t\t\t<div class=\"elementor-element elementor-element-73e9f9c1 elementor-widget__width-initial elementor-widget-mobile__width-inherit elementor-widget-tablet__width-initial twbb_cta-button-wrapper-left twbb_cta-valign-align-top twbb_cta-button-wrapper-left twbb_cta-button-wrapper-center twbb_cta-position-button-bottom twbb_cta-tablet-position-button-bottom twbb_cta-mobile-position-button-bottom elementor-invisible elementor-widget elementor-widget-twbb_call-to-action\" data-id=\"73e9f9c1\" data-element_type=\"widget\" data-settings=\"{&quot;_animation&quot;:&quot;fadeInUp&quot;}\" data-widget_type=\"twbb_call-to-action.default\">\n\t\t\t\t<div class=\"elementor-widget-container\">\n\t\t\t\t\t    <div  class=\"twbb_cta-wrapper \">\n      <div class=\"twbb_cta-content-wrapper \">\n    <div class=\"twbb_cta-content-inner\">\n                <div class=\"twbb_cta-description\">Pas de pression, pas de vente forc\u00e9e.\nJuste des conseils avis\u00e9s pour votre entreprise.\n\n<\/div>\n              <\/div>\n    <div class=\"twbb_cta-button-wrapper\">\n        <div class=\"twbb_cta-buttons\">\n                    <div class=\"twbb_cta-button-item twbb_cta-button-item__two twbb_cta-button-enable-yes\">\n          <a href=\"#\" class=\"elementor-button twbb_cta-button elementor-size- twbb_cta-button__two\"            >Contactez-nous            <\/a>\n        <\/div>\n                  <\/div>\n    <\/div>\n  <\/div>\n        <\/div>\n\t\t\t\t<\/div>\n\t\t\t\t<\/div>\n\t\t\t\t\t<\/div>\n\t\t\t\t<\/div>\n\t\t<div class=\"elementor-element elementor-element-3uxb4t6o twbb_section twbb_title_70 e-flex e-con-boxed e-con e-parent\" data-id=\"3uxb4t6o\" data-element_type=\"container\" id=\"title\">\n\t\t\t\t\t<div class=\"e-con-inner\">\n\t\t\t\t<div class=\"elementor-element elementor-element-gogk35cj elementor-widget__width-initial elementor-widget-mobile__width-inherit elementor-widget-tablet__width-initial elementor-invisible elementor-widget elementor-widget-heading\" data-id=\"gogk35cj\" data-element_type=\"widget\" data-settings=\"{&quot;_animation&quot;:&quot;fadeInUp&quot;}\" data-widget_type=\"heading.default\">\n\t\t\t\t<div class=\"elementor-widget-container\">\n\t\t\t\t\t<h2 class=\"elementor-heading-title elementor-size-default\">Ce qu'ils ont \u00e0 dire\n\n<\/h2>\t\t\t\t<\/div>\n\t\t\t\t<\/div>\n\t\t\t\t\t<\/div>\n\t\t\t\t<\/div>\n\t\t<div class=\"elementor-element elementor-element-5fa6d21 e-flex e-con-boxed e-con e-parent\" data-id=\"5fa6d21\" data-element_type=\"container\">\n\t\t\t\t\t<div class=\"e-con-inner\">\n\t\t\t\t<div class=\"elementor-element elementor-element-a00605c elementor-widget elementor-widget-html\" data-id=\"a00605c\" data-element_type=\"widget\" data-widget_type=\"html.default\">\n\t\t\t\t<div class=\"elementor-widget-container\">\n\t\t\t\t\t<script src=\"https:\/\/widget.senja.io\/widget\/873926cd-eb0e-4e2f-b249-ebbd96edd750\/platform.js\" type=\"text\/javascript\" async><\/script>\r\n<div class=\"senja-embed\" data-id=\"873926cd-eb0e-4e2f-b249-ebbd96edd750\" data-mode=\"shadow\" data-lazyload=\"false\" style=\"display: block;\"><\/div>\t\t\t\t<\/div>\n\t\t\t\t<\/div>\n\t\t\t\t\t<\/div>\n\t\t\t\t<\/div>\n\t\t\t\t<\/div>\n\t\t","protected":false},"excerpt":{"rendered":"<p>Donnez \u00e0 votre entreprise avec Google Ads Not an Adgency propose des campagnes Google Ads personnalis\u00e9es, abordables et efficaces.Avec plus de 20 ans d\u2019exp\u00e9rience, nous aidons les entreprises \u00e0 se d\u00e9velopper en optimisant leur retour sur investissement et en obtenant des r\u00e9sultats mesurables. Contactez-nous D\u00e9couvrez nos services Google Ads sur mesure Gestion de campagnes Google [&hellip;]<\/p>\n","protected":false},"author":0,"featured_media":0,"parent":0,"menu_order":0,"comment_status":"closed","ping_status":"closed","template":"","meta":{"om_disable_all_campaigns":false,"_uf_show_specific_survey":0,"_uf_disable_surveys":false,"two_page_speed":[],"footnotes":""},"class_list":["post-1289","page","type-page","status-publish","hentry"],"yoast_head":"<!-- This site is optimized with the Yoast SEO plugin v24.8.1 - https:\/\/yoast.com\/wordpress\/plugins\/seo\/ -->\n<title>Services - Not an Adgency - Digital Marketing Consultant<\/title>\n<meta name=\"robots\" content=\"index, follow, max-snippet:-1, max-image-preview:large, max-video-preview:-1\" \/>\n<link rel=\"canonical\" href=\"https:\/\/notanadgency.ca\/fr\/services\/\" \/>\n<meta property=\"og:locale\" content=\"fr_CA\" \/>\n<meta property=\"og:type\" content=\"article\" \/>\n<meta property=\"og:title\" content=\"Services - Not an Adgency - Digital Marketing Consultant\" \/>\n<meta property=\"og:description\" content=\"Donnez \u00e0 votre entreprise avec Google Ads Not an Adgency propose des campagnes Google Ads personnalis\u00e9es, abordables et efficaces.Avec plus de 20 ans d\u2019exp\u00e9rience, nous aidons les entreprises \u00e0 se d\u00e9velopper en optimisant leur retour sur investissement et en obtenant des r\u00e9sultats mesurables. Contactez-nous D\u00e9couvrez nos services Google Ads sur mesure Gestion de campagnes Google [&hellip;]\" \/>\n<meta property=\"og:url\" content=\"https:\/\/notanadgency.ca\/fr\/services\/\" \/>\n<meta property=\"og:site_name\" content=\"Not an Adgency - Digital Marketing Consultant\" \/>\n<meta property=\"article:modified_time\" content=\"2025-04-08T22:05:08+00:00\" \/>\n<meta property=\"og:image\" content=\"https:\/\/notanadgency.ca\/wp-content\/uploads\/2024\/11\/tenweb_media_yr9ezc1Y.webp\" \/>\n<meta name=\"twitter:card\" content=\"summary_large_image\" \/>\n<meta name=\"twitter:label1\" content=\"Estimation du temps de lecture\" \/>\n\t<meta name=\"twitter:data1\" content=\"11 minutes\" \/>\n<script type=\"application\/ld+json\" class=\"yoast-schema-graph\">{\"@context\":\"https:\/\/schema.org\",\"@graph\":[{\"@type\":\"WebPage\",\"@id\":\"https:\/\/notanadgency.ca\/fr\/services\/\",\"url\":\"https:\/\/notanadgency.ca\/fr\/services\/\",\"name\":\"Services - Not an Adgency - Digital Marketing Consultant\",\"isPartOf\":{\"@id\":\"https:\/\/notanadgency.ca\/fr\/#website\"},\"primaryImageOfPage\":{\"@id\":\"https:\/\/notanadgency.ca\/fr\/services\/#primaryimage\"},\"image\":{\"@id\":\"https:\/\/notanadgency.ca\/fr\/services\/#primaryimage\"},\"thumbnailUrl\":\"https:\/\/notanadgency.ca\/wp-content\/uploads\/2024\/11\/tenweb_media_yr9ezc1Y.webp\",\"datePublished\":\"2024-11-28T03:57:04+00:00\",\"dateModified\":\"2025-04-08T22:05:08+00:00\",\"breadcrumb\":{\"@id\":\"https:\/\/notanadgency.ca\/fr\/services\/#breadcrumb\"},\"inLanguage\":\"fr-CA\",\"potentialAction\":[{\"@type\":\"ReadAction\",\"target\":[\"https:\/\/notanadgency.ca\/fr\/services\/\"]}]},{\"@type\":\"ImageObject\",\"inLanguage\":\"fr-CA\",\"@id\":\"https:\/\/notanadgency.ca\/fr\/services\/#primaryimage\",\"url\":\"https:\/\/notanadgency.ca\/wp-content\/uploads\/2024\/11\/tenweb_media_yr9ezc1Y.webp\",\"contentUrl\":\"https:\/\/notanadgency.ca\/wp-content\/uploads\/2024\/11\/tenweb_media_yr9ezc1Y.webp\"},{\"@type\":\"BreadcrumbList\",\"@id\":\"https:\/\/notanadgency.ca\/fr\/services\/#breadcrumb\",\"itemListElement\":[{\"@type\":\"ListItem\",\"position\":1,\"name\":\"Home\",\"item\":\"https:\/\/notanadgency.ca\/fr\/\"},{\"@type\":\"ListItem\",\"position\":2,\"name\":\"Services\"}]},{\"@type\":\"WebSite\",\"@id\":\"https:\/\/notanadgency.ca\/fr\/#website\",\"url\":\"https:\/\/notanadgency.ca\/fr\/\",\"name\":\"Not an Adgency - Digital Marketing Consultant\",\"description\":\"\",\"potentialAction\":[{\"@type\":\"SearchAction\",\"target\":{\"@type\":\"EntryPoint\",\"urlTemplate\":\"https:\/\/notanadgency.ca\/fr\/?s={search_term_string}\"},\"query-input\":{\"@type\":\"PropertyValueSpecification\",\"valueRequired\":true,\"valueName\":\"search_term_string\"}}],\"inLanguage\":\"fr-CA\"}]}<\/script>\n<!-- \/ Yoast SEO plugin. -->","yoast_head_json":{"title":"Services - Not an Adgency - Digital Marketing Consultant","robots":{"index":"index","follow":"follow","max-snippet":"max-snippet:-1","max-image-preview":"max-image-preview:large","max-video-preview":"max-video-preview:-1"},"canonical":"https:\/\/notanadgency.ca\/fr\/services\/","og_locale":"fr_CA","og_type":"article","og_title":"Services - Not an Adgency - Digital Marketing Consultant","og_description":"Donnez \u00e0 votre entreprise avec Google Ads Not an Adgency propose des campagnes Google Ads personnalis\u00e9es, abordables et efficaces.Avec plus de 20 ans d\u2019exp\u00e9rience, nous aidons les entreprises \u00e0 se d\u00e9velopper en optimisant leur retour sur investissement et en obtenant des r\u00e9sultats mesurables. Contactez-nous D\u00e9couvrez nos services Google Ads sur mesure Gestion de campagnes Google [&hellip;]","og_url":"https:\/\/notanadgency.ca\/fr\/services\/","og_site_name":"Not an Adgency - Digital Marketing Consultant","article_modified_time":"2025-04-08T22:05:08+00:00","og_image":[{"url":"https:\/\/notanadgency.ca\/wp-content\/uploads\/2024\/11\/tenweb_media_yr9ezc1Y.webp","type":"","width":"","height":""}],"twitter_card":"summary_large_image","twitter_misc":{"Estimation du temps de lecture":"11 minutes"},"schema":{"@context":"https:\/\/schema.org","@graph":[{"@type":"WebPage","@id":"https:\/\/notanadgency.ca\/fr\/services\/","url":"https:\/\/notanadgency.ca\/fr\/services\/","name":"Services - Not an Adgency - Digital Marketing Consultant","isPartOf":{"@id":"https:\/\/notanadgency.ca\/fr\/#website"},"primaryImageOfPage":{"@id":"https:\/\/notanadgency.ca\/fr\/services\/#primaryimage"},"image":{"@id":"https:\/\/notanadgency.ca\/fr\/services\/#primaryimage"},"thumbnailUrl":"https:\/\/notanadgency.ca\/wp-content\/uploads\/2024\/11\/tenweb_media_yr9ezc1Y.webp","datePublished":"2024-11-28T03:57:04+00:00","dateModified":"2025-04-08T22:05:08+00:00","breadcrumb":{"@id":"https:\/\/notanadgency.ca\/fr\/services\/#breadcrumb"},"inLanguage":"fr-CA","potentialAction":[{"@type":"ReadAction","target":["https:\/\/notanadgency.ca\/fr\/services\/"]}]},{"@type":"ImageObject","inLanguage":"fr-CA","@id":"https:\/\/notanadgency.ca\/fr\/services\/#primaryimage","url":"https:\/\/notanadgency.ca\/wp-content\/uploads\/2024\/11\/tenweb_media_yr9ezc1Y.webp","contentUrl":"https:\/\/notanadgency.ca\/wp-content\/uploads\/2024\/11\/tenweb_media_yr9ezc1Y.webp"},{"@type":"BreadcrumbList","@id":"https:\/\/notanadgency.ca\/fr\/services\/#breadcrumb","itemListElement":[{"@type":"ListItem","position":1,"name":"Home","item":"https:\/\/notanadgency.ca\/fr\/"},{"@type":"ListItem","position":2,"name":"Services"}]},{"@type":"WebSite","@id":"https:\/\/notanadgency.ca\/fr\/#website","url":"https:\/\/notanadgency.ca\/fr\/","name":"Not an Adgency - Digital Marketing Consultant","description":"","potentialAction":[{"@type":"SearchAction","target":{"@type":"EntryPoint","urlTemplate":"https:\/\/notanadgency.ca\/fr\/?s={search_term_string}"},"query-input":{"@type":"PropertyValueSpecification","valueRequired":true,"valueName":"search_term_string"}}],"inLanguage":"fr-CA"}]}},"_links":{"self":[{"href":"https:\/\/notanadgency.ca\/fr\/wp-json\/wp\/v2\/pages\/1289","targetHints":{"allow":["GET"]}}],"collection":[{"href":"https:\/\/notanadgency.ca\/fr\/wp-json\/wp\/v2\/pages"}],"about":[{"href":"https:\/\/notanadgency.ca\/fr\/wp-json\/wp\/v2\/types\/page"}],"replies":[{"embeddable":true,"href":"https:\/\/notanadgency.ca\/fr\/wp-json\/wp\/v2\/comments?post=1289"}],"version-history":[{"count":0,"href":"https:\/\/notanadgency.ca\/fr\/wp-json\/wp\/v2\/pages\/1289\/revisions"}],"wp:attachment":[{"href":"https:\/\/notanadgency.ca\/fr\/wp-json\/wp\/v2\/media?parent=1289"}],"curies":[{"name":"wp","href":"https:\/\/api.w.org\/{rel}","templated":true}]}}