{"id":1457,"date":"2024-11-28T03:57:04","date_gmt":"2024-11-28T03:57:04","guid":{"rendered":"https:\/\/notanadgency.ca\/?page_id=1457"},"modified":"2025-04-09T14:20:13","modified_gmt":"2025-04-09T14:20:13","slug":"a-propos","status":"publish","type":"page","link":"https:\/\/notanadgency.ca\/fr\/a-propos\/","title":{"rendered":"\u00c0 propos"},"content":{"rendered":"\t\t<div data-elementor-type=\"wp-page\" data-elementor-id=\"1457\" class=\"elementor elementor-1457 elementor-226\">\n\t\t\t\t<div class=\"elementor-element elementor-element-xt0k0dkx twbb_section e-flex e-con-boxed e-con e-parent\" data-id=\"xt0k0dkx\" data-element_type=\"container\">\n\t\t\t\t\t<div class=\"e-con-inner\">\n\t\t\t\t<div class=\"elementor-element elementor-element-nssjajor elementor-widget__width-initial elementor-widget-tablet__width-initial elementor-widget-mobile__width-inherit elementor-widget elementor-widget-heading\" data-id=\"nssjajor\" data-element_type=\"widget\" data-widget_type=\"heading.default\">\n\t\t\t\t<div class=\"elementor-widget-container\">\n\t\t\t\t\t<h2 class=\"elementor-heading-title elementor-size-default\">Construire votre avenir<\/h2>\t\t\t\t<\/div>\n\t\t\t\t<\/div>\n\t\t\t\t<div class=\"elementor-element elementor-element-wgpz40cn elementor-widget__width-initial elementor-widget-tablet__width-initial elementor-widget-mobile__width-inherit elementor-widget elementor-widget-text-editor\" data-id=\"wgpz40cn\" data-element_type=\"widget\" data-widget_type=\"text-editor.default\">\n\t\t\t\t<div class=\"elementor-widget-container\">\n\t\t\t\t\t\t\t\t\t<p data-start=\"55\" data-end=\"283\"><span data-start=\"55\" data-end=\"283\">Salut, moi c\u2019est Aymeric, la force derri\u00e8re Not an Adgency.<br data-start=\"116\" data-end=\"119\" \/>Depuis 8 ans, je m\u2019engage \u00e0 aider les petites entreprises \u00e0 prosp\u00e9rer, en cr\u00e9ant des solutions publicitaires audacieuses, personnalis\u00e9es, efficaces et abordables.<\/span><\/p>\t\t\t\t\t\t\t\t<\/div>\n\t\t\t\t<\/div>\n\t\t\t\t\t<\/div>\n\t\t\t\t<\/div>\n\t\t<div class=\"elementor-element elementor-element-494c9196 twbb_section twbb_about_1_3_1 e-flex e-con-boxed e-con e-parent\" data-id=\"494c9196\" data-element_type=\"container\">\n\t\t\t\t\t<div class=\"e-con-inner\">\n\t\t<div class=\"elementor-element elementor-element-4c7996b3 e-con-full e-flex e-con e-child\" data-id=\"4c7996b3\" data-element_type=\"container\">\n\t\t\t\t<div class=\"elementor-element elementor-element-46905852 elementor-widget__width-initial elementor-widget-mobile__width-inherit elementor-widget-tablet__width-initial elementor-invisible elementor-widget elementor-widget-heading\" data-id=\"46905852\" data-element_type=\"widget\" data-settings=\"{&quot;_animation&quot;:&quot;fadeInUp&quot;}\" data-widget_type=\"heading.default\">\n\t\t\t\t<div class=\"elementor-widget-container\">\n\t\t\t\t\t<h2 class=\"elementor-heading-title elementor-size-default\"><p data-start=\"75\" data-end=\"104\"><strong data-start=\"75\" data-end=\"104\">Nos r\u00e9ussites en chiffres<\/strong><span style=\"font-family: Montserrat, sans-serif; font-size: 42px; font-style: normal; font-weight: 700;\"><\/span><\/p><\/h2>\t\t\t\t<\/div>\n\t\t\t\t<\/div>\n\t\t\t\t<div class=\"elementor-element elementor-element-c716ca2 elementor-widget__width-initial elementor-widget-mobile__width-inherit elementor-widget-tablet__width-initial elementor-invisible elementor-widget elementor-widget-text-editor\" data-id=\"c716ca2\" data-element_type=\"widget\" data-settings=\"{&quot;_animation&quot;:&quot;fadeInUp&quot;}\" data-widget_type=\"text-editor.default\">\n\t\t\t\t<div class=\"elementor-widget-container\">\n\t\t\t\t\t\t\t\t\t<p>Avec plus de 8 ans d\u2019expertise en Google Ads, nous avons accompagn\u00e9 plus de 400 clients en leur offrant des campagnes personnalis\u00e9es qui favorisent la croissance et maximisent le retour sur investissement.<\/p><p><br data-start=\"262\" data-end=\"265\" \/>Notre priorit\u00e9 : obtenir des r\u00e9sultats mesurables et assurer la satisfaction de nos clients.<\/p>\t\t\t\t\t\t\t\t<\/div>\n\t\t\t\t<\/div>\n\t\t<div class=\"elementor-element elementor-element-30ac041d e-con-full e-flex e-con e-child\" data-id=\"30ac041d\" data-element_type=\"container\">\n\t\t<div class=\"elementor-element elementor-element-7bf9998b e-con-full e-flex e-con e-child\" data-id=\"7bf9998b\" data-element_type=\"container\">\n\t\t\t\t<div class=\"elementor-element elementor-element-3539e06c elementor-widget__width-auto elementor-widget-mobile__width-auto elementor-widget-tablet__width-initial elementor-widget elementor-widget-counter\" data-id=\"3539e06c\" data-element_type=\"widget\" data-widget_type=\"counter.default\">\n\t\t\t\t<div class=\"elementor-widget-container\">\n\t\t\t\t\t\t\t<div class=\"elementor-counter\">\n\t\t\t\t\t\t<div class=\"elementor-counter-number-wrapper\">\n\t\t\t\t<span class=\"elementor-counter-number-prefix\"><\/span>\n\t\t\t\t<span class=\"elementor-counter-number\" data-duration=\"2000\" data-to-value=\"400\" data-from-value=\"0\">0<\/span>\n\t\t\t\t<span class=\"elementor-counter-number-suffix\"> clients<\/span>\n\t\t\t<\/div>\n\t\t<\/div>\n\t\t\t\t\t\t<\/div>\n\t\t\t\t<\/div>\n\t\t\t\t<div class=\"elementor-element elementor-element-4115a2fb elementor-widget__width-initial elementor-widget-mobile__width-inherit elementor-widget-tablet__width-initial elementor-invisible elementor-widget elementor-widget-text-editor\" data-id=\"4115a2fb\" data-element_type=\"widget\" data-settings=\"{&quot;_animation&quot;:&quot;fadeInUp&quot;}\" data-widget_type=\"text-editor.default\">\n\t\t\t\t<div class=\"elementor-widget-container\">\n\t\t\t\t\t\t\t\t\t<p class=\"\" data-start=\"59\" data-end=\"148\"><span data-start=\"59\" data-end=\"148\">De nombreux secteurs nous font confiance pour des strat\u00e9gies publicitaires efficaces.<\/span><\/p>\t\t\t\t\t\t\t\t<\/div>\n\t\t\t\t<\/div>\n\t\t\t\t<\/div>\n\t\t<div class=\"elementor-element elementor-element-68086643 e-con-full e-flex e-con e-child\" data-id=\"68086643\" data-element_type=\"container\">\n\t\t\t\t<div class=\"elementor-element elementor-element-3f146888 elementor-widget__width-auto elementor-widget-mobile__width-auto elementor-widget-tablet__width-initial elementor-widget elementor-widget-counter\" data-id=\"3f146888\" data-element_type=\"widget\" data-widget_type=\"counter.default\">\n\t\t\t\t<div class=\"elementor-widget-container\">\n\t\t\t\t\t\t\t<div class=\"elementor-counter\">\n\t\t\t\t\t\t<div class=\"elementor-counter-number-wrapper\">\n\t\t\t\t<span class=\"elementor-counter-number-prefix\"><\/span>\n\t\t\t\t<span class=\"elementor-counter-number\" data-duration=\"2000\" data-to-value=\"200\" data-from-value=\"0\">0<\/span>\n\t\t\t\t<span class=\"elementor-counter-number-suffix\"> k<\/span>\n\t\t\t<\/div>\n\t\t<\/div>\n\t\t\t\t\t\t<\/div>\n\t\t\t\t<\/div>\n\t\t\t\t<div class=\"elementor-element elementor-element-3882450 elementor-widget__width-initial elementor-widget-mobile__width-inherit elementor-widget-tablet__width-initial elementor-invisible elementor-widget elementor-widget-text-editor\" data-id=\"3882450\" data-element_type=\"widget\" data-settings=\"{&quot;_animation&quot;:&quot;fadeInUp&quot;}\" data-widget_type=\"text-editor.default\">\n\t\t\t\t<div class=\"elementor-widget-container\">\n\t\t\t\t\t\t\t\t\t<p class=\"\" data-start=\"209\" data-end=\"311\">Nous g\u00e9rons des budgets publicitaires mensuels importants, en garantissant des performances optimales.<\/p>\t\t\t\t\t\t\t\t<\/div>\n\t\t\t\t<\/div>\n\t\t\t\t<\/div>\n\t\t\t\t<\/div>\n\t\t<div class=\"elementor-element elementor-element-3dea2d7d e-con-full e-flex e-con e-child\" data-id=\"3dea2d7d\" data-element_type=\"container\">\n\t\t<div class=\"elementor-element elementor-element-4cf7624e e-con-full e-flex e-con e-child\" data-id=\"4cf7624e\" data-element_type=\"container\">\n\t\t\t\t<div class=\"elementor-element elementor-element-631b851e elementor-widget__width-auto elementor-widget-mobile__width-auto elementor-widget-tablet__width-initial elementor-widget elementor-widget-counter\" data-id=\"631b851e\" data-element_type=\"widget\" data-widget_type=\"counter.default\">\n\t\t\t\t<div class=\"elementor-widget-container\">\n\t\t\t\t\t\t\t<div class=\"elementor-counter\">\n\t\t\t\t\t\t<div class=\"elementor-counter-number-wrapper\">\n\t\t\t\t<span class=\"elementor-counter-number-prefix\"><\/span>\n\t\t\t\t<span class=\"elementor-counter-number\" data-duration=\"2000\" data-to-value=\"8\" data-from-value=\"0\">0<\/span>\n\t\t\t\t<span class=\"elementor-counter-number-suffix\"> ans<\/span>\n\t\t\t<\/div>\n\t\t<\/div>\n\t\t\t\t\t\t<\/div>\n\t\t\t\t<\/div>\n\t\t\t\t<div class=\"elementor-element elementor-element-1ff3c91c elementor-widget__width-initial elementor-widget-mobile__width-inherit elementor-widget-tablet__width-initial elementor-invisible elementor-widget elementor-widget-text-editor\" data-id=\"1ff3c91c\" data-element_type=\"widget\" data-settings=\"{&quot;_animation&quot;:&quot;fadeInUp&quot;}\" data-widget_type=\"text-editor.default\">\n\t\t\t\t<div class=\"elementor-widget-container\">\n\t\t\t\t\t\t\t\t\t<p class=\"\" data-start=\"37\" data-end=\"93\">Une expertise qui se traduit par des campagnes r\u00e9ussies.<\/p>\t\t\t\t\t\t\t\t<\/div>\n\t\t\t\t<\/div>\n\t\t\t\t<\/div>\n\t\t<div class=\"elementor-element elementor-element-54cdc43f e-con-full e-flex e-con e-child\" data-id=\"54cdc43f\" data-element_type=\"container\">\n\t\t\t\t<\/div>\n\t\t\t\t<\/div>\n\t\t\t\t<\/div>\n\t\t\t\t<div class=\"elementor-element elementor-element-6e9307aa elementor-widget__width-initial elementor-widget-mobile__width-inherit elementor-widget-tablet__width-initial elementor-widget elementor-widget-image\" data-id=\"6e9307aa\" data-element_type=\"widget\" data-widget_type=\"image.default\">\n\t\t\t\t<div class=\"elementor-widget-container\">\n\t\t\t\t\t\t\t\t\t\t\t\t\t\t\t<img decoding=\"async\" src=\"https:\/\/ai20-templates-prod.s3.amazonaws.com\/cHEV48iyNzu7xYvrwTWz6SCiXQb5nHO7\/tenweb_media_75UGcyJ8.webp\" title=\"\" alt=\"A digital artwork showcasing successful Google Ads campaigns with diverse industries and satisfied clients celebrating their achievements.\" loading=\"lazy\" \/>\t\t\t\t\t\t\t\t\t\t\t\t\t\t\t<\/div>\n\t\t\t\t<\/div>\n\t\t\t\t\t<\/div>\n\t\t\t\t<\/div>\n\t\t<div class=\"elementor-element elementor-element-4479b2a0 twbb_section e-flex e-con-boxed e-con e-parent\" data-id=\"4479b2a0\" data-element_type=\"container\" data-settings=\"{&quot;background_background&quot;:&quot;classic&quot;,&quot;background_motion_fx_motion_fx_scrolling&quot;:&quot;yes&quot;,&quot;background_motion_fx_scale_effect&quot;:&quot;yes&quot;,&quot;background_motion_fx_scale_speed&quot;:{&quot;unit&quot;:&quot;px&quot;,&quot;size&quot;:7,&quot;sizes&quot;:[]},&quot;background_motion_fx_scale_direction&quot;:&quot;out-in&quot;,&quot;background_motion_fx_scale_range&quot;:{&quot;unit&quot;:&quot;%&quot;,&quot;size&quot;:&quot;&quot;,&quot;sizes&quot;:{&quot;start&quot;:20,&quot;end&quot;:80}},&quot;background_motion_fx_devices&quot;:[&quot;desktop&quot;,&quot;tablet&quot;,&quot;mobile&quot;]}\">\n\t\t\t\t\t<div class=\"e-con-inner\">\n\t\t\t\t<div class=\"elementor-element elementor-element-421aaf4a elementor-widget__width-initial elementor-widget-mobile__width-inherit elementor-widget-tablet__width-initial twbb_cta-button-wrapper-center twbb_cta-valign-align-top twbb_cta-button-wrapper-center twbb_cta-button-wrapper-center twbb_cta-position-button-bottom twbb_cta-tablet-position-button-bottom twbb_cta-mobile-position-button-bottom elementor-invisible elementor-widget elementor-widget-twbb_call-to-action\" data-id=\"421aaf4a\" data-element_type=\"widget\" data-settings=\"{&quot;_animation&quot;:&quot;fadeInUp&quot;}\" data-widget_type=\"twbb_call-to-action.default\">\n\t\t\t\t<div class=\"elementor-widget-container\">\n\t\t\t\t\t    <div  class=\"twbb_cta-wrapper \">\n      <div class=\"twbb_cta-content-wrapper \">\n    <div class=\"twbb_cta-content-inner\">\n                <h1 class=\"twbb_cta-title\">Lancez votre croissance<\/h1>\n                    <div class=\"twbb_cta-description\"><p data-start=\"37\" data-end=\"192\" class=\"\">Ma mission est simple : rendre la publicit\u00e9 efficace abordable et accessible aux petites entreprises, sans les frais superflus des agences traditionnelles.<\/p><\/div>\n              <\/div>\n    <div class=\"twbb_cta-button-wrapper\">\n        <div class=\"twbb_cta-buttons\">\n                        <\/div>\n    <\/div>\n  <\/div>\n        <\/div>\n\t\t\t\t<\/div>\n\t\t\t\t<\/div>\n\t\t\t\t\t<\/div>\n\t\t\t\t<\/div>\n\t\t<div class=\"elementor-element elementor-element-709e95cd twbb_section e-grid e-con-boxed e-con e-parent\" data-id=\"709e95cd\" data-element_type=\"container\">\n\t\t\t\t\t<div class=\"e-con-inner\">\n\t\t\t\t<div class=\"elementor-element elementor-element-c2ba174 elementor-widget elementor-widget-html\" data-id=\"c2ba174\" data-element_type=\"widget\" data-widget_type=\"html.default\">\n\t\t\t\t<div class=\"elementor-widget-container\">\n\t\t\t\t\t<script src=\"https:\/\/widget.senja.io\/widget\/873926cd-eb0e-4e2f-b249-ebbd96edd750\/platform.js\" type=\"text\/javascript\" async><\/script>\r\n<div class=\"senja-embed\" data-id=\"873926cd-eb0e-4e2f-b249-ebbd96edd750\" data-mode=\"shadow\" data-lazyload=\"false\" style=\"display: block;\"><\/div>\t\t\t\t<\/div>\n\t\t\t\t<\/div>\n\t\t\t\t\t<\/div>\n\t\t\t\t<\/div>\n\t\t<div class=\"elementor-element elementor-element-950aa22 e-flex e-con-boxed e-con e-parent\" data-id=\"950aa22\" data-element_type=\"container\">\n\t\t\t\t\t<div class=\"e-con-inner\">\n\t\t\t\t\t<\/div>\n\t\t\t\t<\/div>\n\t\t\t\t<\/div>\n\t\t","protected":false},"excerpt":{"rendered":"<p>Construire votre avenir Salut, moi c\u2019est Aymeric, la force derri\u00e8re Not an Adgency.Depuis 8 ans, je m\u2019engage \u00e0 aider les petites entreprises \u00e0 prosp\u00e9rer, en cr\u00e9ant des solutions publicitaires audacieuses, personnalis\u00e9es, efficaces et abordables. Nos r\u00e9ussites en chiffres Avec plus de 8 ans d\u2019expertise en Google Ads, nous avons accompagn\u00e9 plus de 400 clients en [&hellip;]<\/p>\n","protected":false},"author":3,"featured_media":0,"parent":0,"menu_order":0,"comment_status":"closed","ping_status":"closed","template":"","meta":{"om_disable_all_campaigns":false,"_uf_show_specific_survey":0,"_uf_disable_surveys":false,"two_page_speed":[],"footnotes":""},"class_list":["post-1457","page","type-page","status-publish","hentry"],"yoast_head":"<!-- This site is optimized with the Yoast SEO plugin v24.8.1 - https:\/\/yoast.com\/wordpress\/plugins\/seo\/ -->\n<title>\u00c0 propos - Not an Adgency - Digital Marketing Consultant<\/title>\n<meta name=\"robots\" content=\"index, follow, max-snippet:-1, max-image-preview:large, max-video-preview:-1\" \/>\n<link rel=\"canonical\" href=\"https:\/\/notanadgency.ca\/fr\/a-propos\/\" \/>\n<meta property=\"og:locale\" content=\"fr_CA\" \/>\n<meta property=\"og:type\" content=\"article\" \/>\n<meta property=\"og:title\" content=\"\u00c0 propos - Not an Adgency - Digital Marketing Consultant\" \/>\n<meta property=\"og:description\" content=\"Construire votre avenir Salut, moi c\u2019est Aymeric, la force derri\u00e8re Not an Adgency.Depuis 8 ans, je m\u2019engage \u00e0 aider les petites entreprises \u00e0 prosp\u00e9rer, en cr\u00e9ant des solutions publicitaires audacieuses, personnalis\u00e9es, efficaces et abordables. Nos r\u00e9ussites en chiffres Avec plus de 8 ans d\u2019expertise en Google Ads, nous avons accompagn\u00e9 plus de 400 clients en [&hellip;]\" \/>\n<meta property=\"og:url\" content=\"https:\/\/notanadgency.ca\/fr\/a-propos\/\" \/>\n<meta property=\"og:site_name\" content=\"Not an Adgency - Digital Marketing Consultant\" \/>\n<meta property=\"article:modified_time\" content=\"2025-04-09T14:20:13+00:00\" \/>\n<meta property=\"og:image\" content=\"https:\/\/ai20-templates-prod.s3.amazonaws.com\/cHEV48iyNzu7xYvrwTWz6SCiXQb5nHO7\/tenweb_media_75UGcyJ8.webp\" \/>\n<meta name=\"twitter:card\" content=\"summary_large_image\" \/>\n<meta name=\"twitter:label1\" content=\"Estimation du temps de lecture\" \/>\n\t<meta name=\"twitter:data1\" content=\"11 minutes\" \/>\n<script type=\"application\/ld+json\" class=\"yoast-schema-graph\">{\"@context\":\"https:\/\/schema.org\",\"@graph\":[{\"@type\":\"WebPage\",\"@id\":\"https:\/\/notanadgency.ca\/fr\/a-propos\/\",\"url\":\"https:\/\/notanadgency.ca\/fr\/a-propos\/\",\"name\":\"\u00c0 propos - Not an Adgency - Digital Marketing Consultant\",\"isPartOf\":{\"@id\":\"https:\/\/notanadgency.ca\/fr\/#website\"},\"primaryImageOfPage\":{\"@id\":\"https:\/\/notanadgency.ca\/fr\/a-propos\/#primaryimage\"},\"image\":{\"@id\":\"https:\/\/notanadgency.ca\/fr\/a-propos\/#primaryimage\"},\"thumbnailUrl\":\"https:\/\/ai20-templates-prod.s3.amazonaws.com\/cHEV48iyNzu7xYvrwTWz6SCiXQb5nHO7\/tenweb_media_75UGcyJ8.webp\",\"datePublished\":\"2024-11-28T03:57:04+00:00\",\"dateModified\":\"2025-04-09T14:20:13+00:00\",\"breadcrumb\":{\"@id\":\"https:\/\/notanadgency.ca\/fr\/a-propos\/#breadcrumb\"},\"inLanguage\":\"fr-CA\",\"potentialAction\":[{\"@type\":\"ReadAction\",\"target\":[\"https:\/\/notanadgency.ca\/fr\/a-propos\/\"]}]},{\"@type\":\"ImageObject\",\"inLanguage\":\"fr-CA\",\"@id\":\"https:\/\/notanadgency.ca\/fr\/a-propos\/#primaryimage\",\"url\":\"https:\/\/ai20-templates-prod.s3.amazonaws.com\/cHEV48iyNzu7xYvrwTWz6SCiXQb5nHO7\/tenweb_media_75UGcyJ8.webp\",\"contentUrl\":\"https:\/\/ai20-templates-prod.s3.amazonaws.com\/cHEV48iyNzu7xYvrwTWz6SCiXQb5nHO7\/tenweb_media_75UGcyJ8.webp\"},{\"@type\":\"BreadcrumbList\",\"@id\":\"https:\/\/notanadgency.ca\/fr\/a-propos\/#breadcrumb\",\"itemListElement\":[{\"@type\":\"ListItem\",\"position\":1,\"name\":\"Home\",\"item\":\"https:\/\/notanadgency.ca\/fr\/\"},{\"@type\":\"ListItem\",\"position\":2,\"name\":\"\u00c0 propos\"}]},{\"@type\":\"WebSite\",\"@id\":\"https:\/\/notanadgency.ca\/fr\/#website\",\"url\":\"https:\/\/notanadgency.ca\/fr\/\",\"name\":\"Not an Adgency - Digital Marketing Consultant\",\"description\":\"\",\"potentialAction\":[{\"@type\":\"SearchAction\",\"target\":{\"@type\":\"EntryPoint\",\"urlTemplate\":\"https:\/\/notanadgency.ca\/fr\/?s={search_term_string}\"},\"query-input\":{\"@type\":\"PropertyValueSpecification\",\"valueRequired\":true,\"valueName\":\"search_term_string\"}}],\"inLanguage\":\"fr-CA\"}]}<\/script>\n<!-- \/ Yoast SEO plugin. -->","yoast_head_json":{"title":"\u00c0 propos - Not an Adgency - Digital Marketing Consultant","robots":{"index":"index","follow":"follow","max-snippet":"max-snippet:-1","max-image-preview":"max-image-preview:large","max-video-preview":"max-video-preview:-1"},"canonical":"https:\/\/notanadgency.ca\/fr\/a-propos\/","og_locale":"fr_CA","og_type":"article","og_title":"\u00c0 propos - Not an Adgency - Digital Marketing Consultant","og_description":"Construire votre avenir Salut, moi c\u2019est Aymeric, la force derri\u00e8re Not an Adgency.Depuis 8 ans, je m\u2019engage \u00e0 aider les petites entreprises \u00e0 prosp\u00e9rer, en cr\u00e9ant des solutions publicitaires audacieuses, personnalis\u00e9es, efficaces et abordables. Nos r\u00e9ussites en chiffres Avec plus de 8 ans d\u2019expertise en Google Ads, nous avons accompagn\u00e9 plus de 400 clients en [&hellip;]","og_url":"https:\/\/notanadgency.ca\/fr\/a-propos\/","og_site_name":"Not an Adgency - Digital Marketing Consultant","article_modified_time":"2025-04-09T14:20:13+00:00","og_image":[{"url":"https:\/\/ai20-templates-prod.s3.amazonaws.com\/cHEV48iyNzu7xYvrwTWz6SCiXQb5nHO7\/tenweb_media_75UGcyJ8.webp","type":"","width":"","height":""}],"twitter_card":"summary_large_image","twitter_misc":{"Estimation du temps de lecture":"11 minutes"},"schema":{"@context":"https:\/\/schema.org","@graph":[{"@type":"WebPage","@id":"https:\/\/notanadgency.ca\/fr\/a-propos\/","url":"https:\/\/notanadgency.ca\/fr\/a-propos\/","name":"\u00c0 propos - Not an Adgency - Digital Marketing Consultant","isPartOf":{"@id":"https:\/\/notanadgency.ca\/fr\/#website"},"primaryImageOfPage":{"@id":"https:\/\/notanadgency.ca\/fr\/a-propos\/#primaryimage"},"image":{"@id":"https:\/\/notanadgency.ca\/fr\/a-propos\/#primaryimage"},"thumbnailUrl":"https:\/\/ai20-templates-prod.s3.amazonaws.com\/cHEV48iyNzu7xYvrwTWz6SCiXQb5nHO7\/tenweb_media_75UGcyJ8.webp","datePublished":"2024-11-28T03:57:04+00:00","dateModified":"2025-04-09T14:20:13+00:00","breadcrumb":{"@id":"https:\/\/notanadgency.ca\/fr\/a-propos\/#breadcrumb"},"inLanguage":"fr-CA","potentialAction":[{"@type":"ReadAction","target":["https:\/\/notanadgency.ca\/fr\/a-propos\/"]}]},{"@type":"ImageObject","inLanguage":"fr-CA","@id":"https:\/\/notanadgency.ca\/fr\/a-propos\/#primaryimage","url":"https:\/\/ai20-templates-prod.s3.amazonaws.com\/cHEV48iyNzu7xYvrwTWz6SCiXQb5nHO7\/tenweb_media_75UGcyJ8.webp","contentUrl":"https:\/\/ai20-templates-prod.s3.amazonaws.com\/cHEV48iyNzu7xYvrwTWz6SCiXQb5nHO7\/tenweb_media_75UGcyJ8.webp"},{"@type":"BreadcrumbList","@id":"https:\/\/notanadgency.ca\/fr\/a-propos\/#breadcrumb","itemListElement":[{"@type":"ListItem","position":1,"name":"Home","item":"https:\/\/notanadgency.ca\/fr\/"},{"@type":"ListItem","position":2,"name":"\u00c0 propos"}]},{"@type":"WebSite","@id":"https:\/\/notanadgency.ca\/fr\/#website","url":"https:\/\/notanadgency.ca\/fr\/","name":"Not an Adgency - Digital Marketing Consultant","description":"","potentialAction":[{"@type":"SearchAction","target":{"@type":"EntryPoint","urlTemplate":"https:\/\/notanadgency.ca\/fr\/?s={search_term_string}"},"query-input":{"@type":"PropertyValueSpecification","valueRequired":true,"valueName":"search_term_string"}}],"inLanguage":"fr-CA"}]}},"_links":{"self":[{"href":"https:\/\/notanadgency.ca\/fr\/wp-json\/wp\/v2\/pages\/1457","targetHints":{"allow":["GET"]}}],"collection":[{"href":"https:\/\/notanadgency.ca\/fr\/wp-json\/wp\/v2\/pages"}],"about":[{"href":"https:\/\/notanadgency.ca\/fr\/wp-json\/wp\/v2\/types\/page"}],"author":[{"embeddable":true,"href":"https:\/\/notanadgency.ca\/fr\/wp-json\/wp\/v2\/users\/3"}],"replies":[{"embeddable":true,"href":"https:\/\/notanadgency.ca\/fr\/wp-json\/wp\/v2\/comments?post=1457"}],"version-history":[{"count":0,"href":"https:\/\/notanadgency.ca\/fr\/wp-json\/wp\/v2\/pages\/1457\/revisions"}],"wp:attachment":[{"href":"https:\/\/notanadgency.ca\/fr\/wp-json\/wp\/v2\/media?parent=1457"}],"curies":[{"name":"wp","href":"https:\/\/api.w.org\/{rel}","templated":true}]}}